{"id":266,"date":"2018-06-27T14:40:39","date_gmt":"2018-06-27T14:40:39","guid":{"rendered":"https:\/\/hotelsolemare.al\/index.php\/bar\/"},"modified":"2025-01-22T14:35:07","modified_gmt":"2025-01-22T14:35:07","slug":"bar","status":"publish","type":"page","link":"https:\/\/hotelsolemare.al\/index.php\/bar\/?lang=sq","title":{"rendered":"Bar"},"content":{"rendered":"<div class=\"wpb-content-wrapper\"><p>[vc_row][vc_column width=&#8221;1\/2&#8243;][vc_single_image image=&#8221;151&#8243; img_size=&#8221;full&#8221; onclick=&#8221;link_image&#8221; image_hovers=&#8221;false&#8221;][\/vc_column][vc_column width=&#8221;1\/2&#8243;]<div class=\"ult-content-box-container \" >\t\t<div class=\"ult-content-box\" style=\"background-color:#2a81ba;box-shadow: px px px px none;-webkit-transition: all 700ms ease;-moz-transition: all 700ms ease;-ms-transition: all 700ms ease;-o-transition: all 700ms ease;transition: all 700ms ease;\"  data-hover_box_shadow=\"none\"     data-bg=\"#2a81ba\" >[vc_empty_space height=&#8221;52px&#8221;][vc_custom_heading text=&#8221;SOLE MARE BAR&#8221; font_container=&#8221;tag:h2|text_align:center|color:%23ffffff&#8221; google_fonts=&#8221;font_family:Playfair%20Display%3Aregular%2Citalic%2C700%2C700italic%2C900%2C900italic|font_style:700%20bold%20regular%3A700%3Anormal&#8221;][vc_custom_heading text=&#8221;VENDI IDEAL P\u00cbR T\u00cb SHIJUAR&#8230;CDO GJ\u00cb&#8221; font_container=&#8221;tag:p|text_align:center|color:%23ffffff&#8221; google_fonts=&#8221;font_family:Playfair%20Display%3Aregular%2Citalic%2C700%2C700italic%2C900%2C900italic|font_style:400%20regular%3A400%3Anormal&#8221; css=&#8221;.vc_custom_1530177528062{margin-top: -10px !important;}&#8221;][vc_empty_space][vc_column_text css=&#8221;.vc_custom_1530177616656{padding-right: 35px !important;padding-left: 35px !important;}&#8221;]<\/p>\n<p style=\"text-align: center;\"><span style=\"color: #ffffff;\">N\u00eb barin ton\u00eb do t\u00eb keni mund\u00ebsin\u00eb t\u00eb shijoni pije t\u00eb ndryshme freskuese. T\u00eb kaloni nj\u00eb pasdite t\u00eb k\u00ebnd\u00ebshme teksa shijoni nj\u00eb kafe ose nj\u00eb kokteil t\u00eb p\u00ebrgatitur posac\u00ebrisht p\u00ebr shijen tuaj. Cdo pasdite n\u00eb barin ton\u00eb \u00ebsht\u00eb e vecant\u00eb me muzik\u00eb t\u00eb zgjedhur p\u00ebr t\u00eb kaluar momente relaksi me t\u00eb dashurit tuaj.<\/span><\/p>\n<p>[\/vc_column_text][vc_empty_space height=&#8221;40px&#8221;][vc_btn title=&#8221;Galeri&#8221; style=&#8221;outline-custom&#8221; outline_custom_color=&#8221;#ffffff&#8221; outline_custom_hover_background=&#8221;#f0c419&#8243; outline_custom_hover_text=&#8221;#ffffff&#8221; shape=&#8221;square&#8221; align=&#8221;center&#8221;][vc_empty_space height=&#8221;3px&#8221;]\t\t<\/div><\/div>[\/vc_column][\/vc_row][vc_row][vc_column][vc_empty_space height=&#8221;20px&#8221;][\/vc_column][\/vc_row][vc_row][vc_column width=&#8221;1\/3&#8243;][vc_single_image image=&#8221;174&#8243; img_size=&#8221;full&#8221; alignment=&#8221;center&#8221; image_hovers=&#8221;false&#8221;][\/vc_column][vc_column width=&#8221;1\/3&#8243;][vc_single_image image=&#8221;175&#8243; img_size=&#8221;full&#8221; alignment=&#8221;center&#8221; image_hovers=&#8221;false&#8221;][\/vc_column][vc_column width=&#8221;1\/3&#8243;][vc_single_image image=&#8221;176&#8243; img_size=&#8221;full&#8221; alignment=&#8221;center&#8221; image_hovers=&#8221;false&#8221;][\/vc_column][\/vc_row][vc_row][vc_column width=&#8221;1\/3&#8243;][vc_single_image image=&#8221;501&#8243; img_size=&#8221;full&#8221; alignment=&#8221;center&#8221; image_hovers=&#8221;false&#8221;][\/vc_column][vc_column width=&#8221;1\/3&#8243;][vc_single_image image=&#8221;503&#8243; img_size=&#8221;full&#8221; alignment=&#8221;center&#8221; image_hovers=&#8221;false&#8221;][\/vc_column][vc_column width=&#8221;1\/3&#8243;][vc_single_image image=&#8221;505&#8243; img_size=&#8221;full&#8221; alignment=&#8221;center&#8221; image_hovers=&#8221;false&#8221;][\/vc_column][\/vc_row][vc_row bg_type=&#8221;image&#8221; parallax_style=&#8221;vcpb-default&#8221; bg_image_new=&#8221;id^80|url^https:\/\/hotelsolemare.al\/wp-content\/uploads\/2018\/06\/1.png|caption^null|alt^null|title^1|description^null&#8221; bg_image_repeat=&#8221;no-repeat&#8221; bg_override=&#8221;ex-full&#8221; css=&#8221;.vc_custom_1530088589619{margin-bottom: -70px !important;}&#8221;][vc_column][vc_row_inner gap=&#8221;35&#8243;][vc_column_inner width=&#8221;1\/3&#8243;][vc_empty_space height=&#8221;67px&#8221;][vc_column_text]<\/p>\n<p style=\"text-align: justify;\"><span style=\"color: #ffffff;\"><img loading=\"lazy\" decoding=\"async\" class=\"alignnone wp-image-11\" src=\"https:\/\/hotelsolemare.al\/wp-content\/uploads\/2018\/06\/logo-1.png\" alt=\"\" width=\"180\" height=\"72\" \/><\/span><\/p>\n<p style=\"text-align: justify;\"><span style=\"color: #ffffff;\">Ne ndodhemi n\u00eb Ksamil, 2.9 km nga<\/p>\n<p>Parku Nacional i Butrintit,, Hotel Sole Mare<\/p>\n<p>ofron ambiente akomodimi dhe relaksuese.<\/span><\/p>\n<p>[\/vc_column_text][\/vc_column_inner][vc_column_inner width=&#8221;1\/3&#8243;][\/vc_column_inner][vc_column_inner width=&#8221;1\/3&#8243;][\/vc_column_inner][\/vc_row_inner][\/vc_column][\/vc_row]<\/p>\n<\/div>","protected":false},"excerpt":{"rendered":"<p>[vc_row][vc_column width=&#8221;1\/2&#8243;][vc_single_image image=&#8221;151&#8243; img_size=&#8221;full&#8221; onclick=&#8221;link_image&#8221; image_hovers=&#8221;false&#8221;][\/vc_column][vc_column width=&#8221;1\/2&#8243;][\/vc_column][\/vc_row][vc_row][vc_column][vc_empty_space height=&#8221;20px&#8221;][\/vc_column][\/vc_row][vc_row][vc_column width=&#8221;1\/3&#8243;][vc_single_image image=&#8221;174&#8243; img_size=&#8221;full&#8221; alignment=&#8221;center&#8221; image_hovers=&#8221;false&#8221;][\/vc_column][vc_column width=&#8221;1\/3&#8243;][vc_single_image image=&#8221;175&#8243; img_size=&#8221;full&#8221; alignment=&#8221;center&#8221; image_hovers=&#8221;false&#8221;][\/vc_column][vc_column width=&#8221;1\/3&#8243;][vc_single_image image=&#8221;176&#8243; img_size=&#8221;full&#8221; alignment=&#8221;center&#8221; image_hovers=&#8221;false&#8221;][\/vc_column][\/vc_row][vc_row][vc_column width=&#8221;1\/3&#8243;][vc_single_image image=&#8221;501&#8243; img_size=&#8221;full&#8221; alignment=&#8221;center&#8221; image_hovers=&#8221;false&#8221;][\/vc_column][vc_column width=&#8221;1\/3&#8243;][vc_single_image image=&#8221;503&#8243; img_size=&#8221;full&#8221; alignment=&#8221;center&#8221; image_hovers=&#8221;false&#8221;][\/vc_column][vc_column width=&#8221;1\/3&#8243;][vc_single_image image=&#8221;505&#8243; img_size=&#8221;full&#8221; alignment=&#8221;center&#8221; image_hovers=&#8221;false&#8221;][\/vc_column][\/vc_row][vc_row bg_type=&#8221;image&#8221; parallax_style=&#8221;vcpb-default&#8221; bg_image_new=&#8221;id^80|url^https:\/\/hotelsolemare.al\/wp-content\/uploads\/2018\/06\/1.png|caption^null|alt^null|title^1|description^null&#8221; bg_image_repeat=&#8221;no-repeat&#8221; bg_override=&#8221;ex-full&#8221; css=&#8221;.vc_custom_1530088589619{margin-bottom: -70px !important;}&#8221;][vc_column][vc_row_inner gap=&#8221;35&#8243;][vc_column_inner width=&#8221;1\/3&#8243;][vc_empty_space height=&#8221;67px&#8221;][vc_column_text] Ne ndodhemi n\u00eb Ksamil, 2.9 km&hellip;<\/p>\n","protected":false},"author":2,"featured_media":0,"parent":0,"menu_order":0,"comment_status":"closed","ping_status":"closed","template":"","meta":{"footnotes":""},"class_list":["post-266","page","type-page","status-publish","hentry","description-off"],"_links":{"self":[{"href":"https:\/\/hotelsolemare.al\/index.php\/wp-json\/wp\/v2\/pages\/266","targetHints":{"allow":["GET"]}}],"collection":[{"href":"https:\/\/hotelsolemare.al\/index.php\/wp-json\/wp\/v2\/pages"}],"about":[{"href":"https:\/\/hotelsolemare.al\/index.php\/wp-json\/wp\/v2\/types\/page"}],"author":[{"embeddable":true,"href":"https:\/\/hotelsolemare.al\/index.php\/wp-json\/wp\/v2\/users\/2"}],"replies":[{"embeddable":true,"href":"https:\/\/hotelsolemare.al\/index.php\/wp-json\/wp\/v2\/comments?post=266"}],"version-history":[{"count":4,"href":"https:\/\/hotelsolemare.al\/index.php\/wp-json\/wp\/v2\/pages\/266\/revisions"}],"predecessor-version":[{"id":508,"href":"https:\/\/hotelsolemare.al\/index.php\/wp-json\/wp\/v2\/pages\/266\/revisions\/508"}],"wp:attachment":[{"href":"https:\/\/hotelsolemare.al\/index.php\/wp-json\/wp\/v2\/media?parent=266"}],"curies":[{"name":"wp","href":"https:\/\/api.w.org\/{rel}","templated":true}]}}